{"id":819,"date":"2016-03-02T15:41:56","date_gmt":"2016-03-02T15:41:56","guid":{"rendered":"http:\/\/demo.themevan.com\/focux\/?page_id=819"},"modified":"2023-09-18T14:38:03","modified_gmt":"2023-09-18T14:38:03","slug":"faq","status":"publish","type":"page","link":"https:\/\/gosensic.com\/de\/faq\/","title":{"rendered":"Sensic &#8211; FAQ"},"content":{"rendered":"<div class=\"vc_row wpb_row vc_row-fluid\"><div class=\"wpb_column vc_column_container vc_col-sm-12\"><div class=\"vc_column-inner vc_custom_1457546956316\"><div class=\"wpb_wrapper\"><h2 style=\"font-size: 4rem;line-height: 1.5rem;text-align: center\" class=\"vc_custom_heading\" >FAQ<\/h2><h4 style=\"font-size: 1.2rem;color: #adadad;line-height: 1rem;text-align: center\" class=\"vc_custom_heading vc_custom_1627653358869\" >Frequently asked questions we answered<\/h4><\/div><\/div><\/div><\/div><div class=\"vc_row wpb_row vc_row-fluid vc_custom_1590179307935 vc_column-gap-30\"><div class=\"wpb_column vc_column_container vc_col-sm-8 vc_hidden-lg vc_hidden-md\"><div class=\"vc_column-inner\"><div class=\"wpb_wrapper\"><div class=\"vc_tta-container\" data-vc-action=\"collapse\"><div class=\"vc_general vc_tta vc_tta-accordion vc_tta-color-grey vc_tta-style-outline vc_tta-shape-square vc_tta-o-shape-group vc_tta-controls-align-left vc_tta-o-no-fill\"><div class=\"vc_tta-panels-container\"><div class=\"vc_tta-panels\"><div class=\"vc_tta-panel vc_active\" id=\"1668098280738-012494d0-d528\" data-vc-content=\".vc_tta-panel-body\"><div class=\"vc_tta-panel-heading\"><h4 class=\"vc_tta-panel-title vc_tta-controls-icon-position-left\"><a href=\"#1668098280738-012494d0-d528\" data-vc-accordion data-vc-container=\".vc_tta-container\"><span class=\"vc_tta-title-text\">In welche L\u00e4nder liefern wir?<\/span><i class=\"vc_tta-controls-icon vc_tta-controls-icon-plus\"><\/i><\/a><\/h4><\/div><div class=\"vc_tta-panel-body\">\n\t<div class=\"wpb_text_column wpb_content_element\" >\n\t\t<div class=\"wpb_wrapper\">\n\t\t\t<p>Wir sind derzeit in der Lage, in die folgenden L\u00e4nder zu liefern:<\/p>\n<p><strong>Europe<br \/>\n<\/strong>The Netherlands, Belgium, Germany, Luxembourg, Bulgary, Czech Republic, Denmark, Estonia, Finland, France, Greece, Hungary, Ireland, Latvia, Lithuania, Austria, Poland, Portugal, Romania, Slovenia, Slovakia, Spain, Sweden &amp; United Kingdom.<\/p>\n<p><strong>North-America*<\/strong><br \/>\nVereinigte Staaten, Kanada und Mexiko<\/p>\n<p>*Bitte beachten Sie, dass Kunden aus Nordamerika Sensic-Produkte direkt bei Amazon kaufen sollten, da sie von den Amazon-Lagern innerhalb der USA versandt werden.<\/p>\n\n\t\t<\/div>\n\t<\/div>\n<\/div><\/div><div class=\"vc_tta-panel\" id=\"1668098280758-e7ca0cec-7af6\" data-vc-content=\".vc_tta-panel-body\"><div class=\"vc_tta-panel-heading\"><h4 class=\"vc_tta-panel-title vc_tta-controls-icon-position-left\"><a href=\"#1668098280758-e7ca0cec-7af6\" data-vc-accordion data-vc-container=\".vc_tta-container\"><span class=\"vc_tta-title-text\">Wie lange dauert die Lieferung?<\/span><i class=\"vc_tta-controls-icon vc_tta-controls-icon-plus\"><\/i><\/a><\/h4><\/div><div class=\"vc_tta-panel-body\">\n\t<div class=\"wpb_text_column wpb_content_element\" >\n\t\t<div class=\"wpb_wrapper\">\n\t\t\t<p><strong>Europe<\/strong><\/p>\n<p>Alle Waren werden entweder aus den Niederlanden oder aus Deutschland verschickt. Daher wird die Versandzeit auf der Grundlage Ihres Standortes entschieden werden.<\/p>\n<p>Eine detaillierte \u00dcbersicht \u00fcber unsere Versandzeiten und -tarife finden Sie auf <a href=\"https:\/\/gosensic.com\/de\/shipping-times-and-rates\/\" target=\"_blank\" rel=\"noopener\"><strong><span style=\"color: #d250ea;\">dieser Seite<\/span><\/strong><\/a>.<\/p>\n<p><strong>North-America<\/strong><\/p>\n<p>Die Produkte werden direkt bei Amazon gekauft und von den Amazon-Lagern innerhalb der USA verschickt. Die Versandzeiten sollten zwischen 1-5 Werktagen variieren.<\/p>\n\n\t\t<\/div>\n\t<\/div>\n<\/div><\/div><div class=\"vc_tta-panel\" id=\"1668098280778-2776579d-6258\" data-vc-content=\".vc_tta-panel-body\"><div class=\"vc_tta-panel-heading\"><h4 class=\"vc_tta-panel-title vc_tta-controls-icon-position-left\"><a href=\"#1668098280778-2776579d-6258\" data-vc-accordion data-vc-container=\".vc_tta-container\"><span class=\"vc_tta-title-text\">Welche Zahlungsm\u00f6glichkeiten gibt es?<\/span><i class=\"vc_tta-controls-icon vc_tta-controls-icon-plus\"><\/i><\/a><\/h4><\/div><div class=\"vc_tta-panel-body\">\n\t<div class=\"wpb_text_column wpb_content_element\" >\n\t\t<div class=\"wpb_wrapper\">\n\t\t\t<p>Zurzeit akzeptieren wir Kredit-\/Debitkarten, Paypal, iDeal und Bancontact-Zahlungen.<\/p>\n\n\t\t<\/div>\n\t<\/div>\n\n\t<div  class=\"wpb_single_image wpb_content_element vc_align_center\">\n\t\t\n\t\t<figure class=\"wpb_wrapper vc_figure\">\n\t\t\t<div class=\"vc_single_image-wrapper   vc_box_border_grey\"><img decoding=\"async\" width=\"244\" height=\"28\" src=\"https:\/\/gosensic.com\/wp-content\/uploads\/2022\/11\/Sensic-payment-options.jpg\" class=\"vc_single_image-img attachment-full\" alt=\"Sensic website payment options\" title=\"Sensic payment options\" srcset=\"https:\/\/gosensic.com\/wp-content\/uploads\/2022\/11\/Sensic-payment-options.jpg 244w, https:\/\/gosensic.com\/wp-content\/uploads\/2022\/11\/Sensic-payment-options-18x2.jpg 18w\" sizes=\"(max-width: 244px) 100vw, 244px\" \/><\/div>\n\t\t<\/figure>\n\t<\/div>\n<\/div><\/div><div class=\"vc_tta-panel\" id=\"1668098280810-2fd6c382-beec\" data-vc-content=\".vc_tta-panel-body\"><div class=\"vc_tta-panel-heading\"><h4 class=\"vc_tta-panel-title vc_tta-controls-icon-position-left\"><a href=\"#1668098280810-2fd6c382-beec\" data-vc-accordion data-vc-container=\".vc_tta-container\"><span class=\"vc_tta-title-text\">Is my microphone compatible with the Sensic boom arms?<\/span><i class=\"vc_tta-controls-icon vc_tta-controls-icon-plus\"><\/i><\/a><\/h4><\/div><div class=\"vc_tta-panel-body\">\n\t<div class=\"wpb_text_column wpb_content_element\" >\n\t\t<div class=\"wpb_wrapper\">\n\t\t\t<p>Alle unsere Boom Arme sind mit fast allen Mikrofonen kompatibel, dank der Universalschrauben. Wir haben eine Kompatibilit\u00e4tstabelle erstellt, die die g\u00e4ngigsten Mikrofone enth\u00e4lt, klicken Sie <a href=\"https:\/\/gosensic.com\/de\/is-my-microphone-compatible-with-a-boom-arm\/\" target=\"_blank\" rel=\"noopener\"><strong><span style=\"color: #d250ea;\">Hier<\/span><\/strong><\/a> um es zu \u00fcberpr\u00fcfen.<\/p>\n<p>Wenn Ihr Mikrofon nicht in der Kompatibilit\u00e4tstabelle aufgef\u00fchrt ist, k\u00f6nnen Sie sich gerne mit uns unterhalten oder uns eine E-Mail schicken, damit wir herausfinden k\u00f6nnen, ob es mit unseren Auslegern kompatibel ist.<\/p>\n<p>The SA-20, SA-30 and SA-30 LP boom arms come with a 1\/4&#8243; DSLR screw as well which is used for DSLR cameras as well as some specific microphones and mounts.<\/p>\n\n\t\t<\/div>\n\t<\/div>\n<\/div><\/div><div class=\"vc_tta-panel\" id=\"1668098280829-5b9a2baa-d276\" data-vc-content=\".vc_tta-panel-body\"><div class=\"vc_tta-panel-heading\"><h4 class=\"vc_tta-panel-title vc_tta-controls-icon-position-left\"><a href=\"#1668098280829-5b9a2baa-d276\" data-vc-accordion data-vc-container=\".vc_tta-container\"><span class=\"vc_tta-title-text\">Wie funktioniert die R\u00fcckgabe?<\/span><i class=\"vc_tta-controls-icon vc_tta-controls-icon-plus\"><\/i><\/a><\/h4><\/div><div class=\"vc_tta-panel-body\">\n\t<div class=\"wpb_text_column wpb_content_element\" >\n\t\t<div class=\"wpb_wrapper\">\n\t\t\t<p><strong>Vergewissern Sie sich vor der R\u00fccksendung, dass Sie die unten aufgef\u00fchrten Kriterien einhalten:<\/strong><\/p>\n<ol>\n<li>Sie k\u00f6nnen einen Artikel innerhalb von 14 Kalendertagen ab dem Tag, an dem Sie ihn erhalten haben, zur\u00fcckgeben.<\/li>\n<li>Der Artikel muss sich in demselben Zustand befinden, wie Sie ihn erhalten haben.<\/li>\n<\/ol>\n<p><strong>Wenn Sie ein Produkt zur\u00fcckgeben m\u00f6chten, m\u00fcssen Sie die folgenden Schritte ausf\u00fchren:<\/strong><\/p>\n<ol>\n<li>Senden Sie eine E-Mail an <a href=\"mailto:returns@gosensic.com\">returns@gosensic.com<\/a>und teilen Sie mit, dass Sie den Artikel zur\u00fcckgeben m\u00f6chten. Bitte geben Sie auch den Grund f\u00fcr die R\u00fcckgabe an.<\/li>\n<li>Die Kosten f\u00fcr die R\u00fccksendung m\u00fcssen Sie selbst tragen.<\/li>\n<li>Sobald wir Ihren Artikel erhalten, werden wir ihn \u00fcberpr\u00fcfen und Sie benachrichtigen.<\/li>\n<li>Wenn Ihre R\u00fccksendung genehmigt wird, veranlassen wir die R\u00fcckerstattung auf die urspr\u00fcngliche Zahlungsmethode. Sie erhalten die Gutschrift innerhalb einer bestimmten Anzahl von Tagen, abh\u00e4ngig von den Richtlinien des Kartenausstellers.<\/li>\n<\/ol>\n\n\t\t<\/div>\n\t<\/div>\n<\/div><\/div><div class=\"vc_tta-panel\" id=\"1668098280849-0e439574-b8a8\" data-vc-content=\".vc_tta-panel-body\"><div class=\"vc_tta-panel-heading\"><h4 class=\"vc_tta-panel-title vc_tta-controls-icon-position-left\"><a href=\"#1668098280849-0e439574-b8a8\" data-vc-accordion data-vc-container=\".vc_tta-container\"><span class=\"vc_tta-title-text\">Mein Produkt ist kaputt, wie kann ich es zur\u00fcckgeben?<\/span><i class=\"vc_tta-controls-icon vc_tta-controls-icon-plus\"><\/i><\/a><\/h4><\/div><div class=\"vc_tta-panel-body\">\n\t<div class=\"wpb_text_column wpb_content_element\" >\n\t\t<div class=\"wpb_wrapper\">\n\t\t\t<h5><strong>F\u00fcr unsere Produkte gilt eine Garantiezeit von einem Jahr.<\/strong><\/h5>\n<p><strong>Wenn Sie sicher sind, dass das Produkt kaputt ist, gehen Sie bitte wie folgt vor:<\/strong><\/p>\n<ol>\n<li>Bitte senden Sie uns eine E-Mail an <a href=\"mailto:support@gosensic.com\">support@gosensic.com<\/a> und erkl\u00e4ren, was genau kaputt ist (wenn m\u00f6glich mit Bildern).<\/li>\n<li>Wenn wir zu dem Schluss kommen, dass eine Reparatur nicht m\u00f6glich ist, k\u00f6nnen Sie entweder den Artikel zur\u00fcckschicken und einen neuen erhalten oder eine teilweise R\u00fcckerstattung erhalten (je nach Schaden).<\/li>\n<li>Wenn Sie den Artikel zur\u00fccksenden m\u00f6chten, m\u00fcssen Sie die Versandkosten selbst tragen.<\/li>\n<li>Wir werden Sie benachrichtigen, sobald wir die R\u00fccksendung erhalten haben, und den Ersatz schicken.<\/li>\n<\/ol>\n\n\t\t<\/div>\n\t<\/div>\n<\/div><\/div><div class=\"vc_tta-panel\" id=\"1668098280870-b6224480-e0a6\" data-vc-content=\".vc_tta-panel-body\"><div class=\"vc_tta-panel-heading\"><h4 class=\"vc_tta-panel-title vc_tta-controls-icon-position-left\"><a href=\"#1668098280870-b6224480-e0a6\" data-vc-accordion data-vc-container=\".vc_tta-container\"><span class=\"vc_tta-title-text\">Wie kann ich meine Bestellung verfolgen?<\/span><i class=\"vc_tta-controls-icon vc_tta-controls-icon-plus\"><\/i><\/a><\/h4><\/div><div class=\"vc_tta-panel-body\">\n\t<div class=\"wpb_text_column wpb_content_element\" >\n\t\t<div class=\"wpb_wrapper\">\n\t\t\t<p>Nach dem Kauf Ihres Produkts erhalten Sie den Track &amp; Trace-Code mit einem Link in Ihrer Mailbox.<\/p>\n<p>Wenn es nicht zu funktionieren scheint, k\u00f6nnen Sie uns jederzeit eine E-Mail an <a href=\"mailto:support@gosensic.com\">support@gosensic.com<\/a><\/p>\n\n\t\t<\/div>\n\t<\/div>\n<\/div><\/div><\/div><\/div><\/div><\/div><\/div><\/div><\/div><div class=\"wpb_column vc_column_container vc_col-sm-4 vc_hidden-lg vc_hidden-md\"><div class=\"vc_column-inner\"><div class=\"wpb_wrapper\"><h3 style=\"font-size: 1.6rem;line-height: 1em;text-align: center\" class=\"vc_custom_heading vc_custom_1683555041734\" >Didn't find what you were looking for?<\/h3>\n\t<div class=\"wpb_text_column wpb_content_element\" >\n\t\t<div class=\"wpb_wrapper\">\n\t\t\t<p style=\"text-align: center;\"><a class=\"button primary\" title=\"contact us\" href=\"https:\/\/gosensic.com\/de\/contact-3\/\">Kontakt<\/a><\/p>\n\n\t\t<\/div>\n\t<\/div>\n<\/div><\/div><\/div><\/div><div class=\"vc_row wpb_row vc_row-fluid vc_custom_1630418359165 vc_column-gap-30\"><div class=\"wpb_column vc_column_container vc_col-sm-8 vc_hidden-sm vc_hidden-xs\"><div class=\"vc_column-inner\"><div class=\"wpb_wrapper\"><div class=\"vc_tta-container\" data-vc-action=\"collapse\"><div class=\"vc_general vc_tta vc_tta-accordion vc_tta-color-grey vc_tta-style-outline vc_tta-shape-square vc_tta-o-shape-group vc_tta-controls-align-left vc_tta-o-no-fill\"><div class=\"vc_tta-panels-container\"><div class=\"vc_tta-panels\"><div class=\"vc_tta-panel vc_active\" id=\"1668098493598-2cd8e2f7-9cd3\" data-vc-content=\".vc_tta-panel-body\"><div class=\"vc_tta-panel-heading\"><h4 class=\"vc_tta-panel-title vc_tta-controls-icon-position-left\"><a href=\"#1668098493598-2cd8e2f7-9cd3\" data-vc-accordion data-vc-container=\".vc_tta-container\"><span class=\"vc_tta-title-text\">In welche L\u00e4nder liefern wir?<\/span><i class=\"vc_tta-controls-icon vc_tta-controls-icon-plus\"><\/i><\/a><\/h4><\/div><div class=\"vc_tta-panel-body\">\n\t<div class=\"wpb_text_column wpb_content_element\" >\n\t\t<div class=\"wpb_wrapper\">\n\t\t\t<p>Wir sind derzeit in der Lage, in die folgenden L\u00e4nder zu liefern:<\/p>\n<p><strong>Europe<br \/>\n<\/strong>The Netherlands, Belgium, Germany, Luxembourg, Bulgary, Czech Republic, Denmark, Estonia, Finland, France, Greece, Hungary, Ireland, Latvia, Lithuania, Austria, Poland, Portugal, Romania, Slovenia, Slovakia, Spain, Sweden &amp; United Kingdom<\/p>\n<p><strong>North-America*<\/strong><br \/>\nVereinigte Staaten, Kanada und Mexiko<\/p>\n<p>*Bitte beachten Sie, dass Kunden aus Nordamerika Sensic-Produkte direkt bei Amazon kaufen sollten, da sie von den Amazon-Lagern innerhalb der USA versandt werden.<\/p>\n\n\t\t<\/div>\n\t<\/div>\n<\/div><\/div><div class=\"vc_tta-panel\" id=\"1668098493612-f39e29c0-e476\" data-vc-content=\".vc_tta-panel-body\"><div class=\"vc_tta-panel-heading\"><h4 class=\"vc_tta-panel-title vc_tta-controls-icon-position-left\"><a href=\"#1668098493612-f39e29c0-e476\" data-vc-accordion data-vc-container=\".vc_tta-container\"><span class=\"vc_tta-title-text\">Wie lange dauert die Lieferung?<\/span><i class=\"vc_tta-controls-icon vc_tta-controls-icon-plus\"><\/i><\/a><\/h4><\/div><div class=\"vc_tta-panel-body\">\n\t<div class=\"wpb_text_column wpb_content_element\" >\n\t\t<div class=\"wpb_wrapper\">\n\t\t\t<p><strong>Europe<\/strong><\/p>\n<p>Alle Waren werden entweder aus den Niederlanden oder aus Deutschland verschickt. Daher wird die Versandzeit auf der Grundlage Ihres Standortes entschieden werden.<\/p>\n<p>Eine detaillierte \u00dcbersicht \u00fcber unsere Versandzeiten und -tarife finden Sie auf <a href=\"https:\/\/gosensic.com\/de\/shipping-times-and-rates\/\" target=\"_blank\" rel=\"noopener\"><strong><span style=\"color: #d250ea;\">dieser Seite<\/span><\/strong><\/a>.<\/p>\n<p><strong>North-America<\/strong><\/p>\n<p>Die Produkte werden direkt bei Amazon gekauft und von den Amazon-Lagern innerhalb der USA verschickt. Die Versandzeiten sollten zwischen 1-5 Werktagen variieren.<\/p>\n\n\t\t<\/div>\n\t<\/div>\n<\/div><\/div><div class=\"vc_tta-panel\" id=\"1668098493630-630c735d-d36d\" data-vc-content=\".vc_tta-panel-body\"><div class=\"vc_tta-panel-heading\"><h4 class=\"vc_tta-panel-title vc_tta-controls-icon-position-left\"><a href=\"#1668098493630-630c735d-d36d\" data-vc-accordion data-vc-container=\".vc_tta-container\"><span class=\"vc_tta-title-text\">Welche Zahlungsm\u00f6glichkeiten gibt es?<\/span><i class=\"vc_tta-controls-icon vc_tta-controls-icon-plus\"><\/i><\/a><\/h4><\/div><div class=\"vc_tta-panel-body\">\n\t<div class=\"wpb_text_column wpb_content_element\" >\n\t\t<div class=\"wpb_wrapper\">\n\t\t\t<p>Zurzeit akzeptieren wir Kredit-\/Debitkarten, Paypal, iDeal und Bancontact-Zahlungen.<\/p>\n\n\t\t<\/div>\n\t<\/div>\n\n\t<div  class=\"wpb_single_image wpb_content_element vc_align_center\">\n\t\t\n\t\t<figure class=\"wpb_wrapper vc_figure\">\n\t\t\t<div class=\"vc_single_image-wrapper   vc_box_border_grey\"><img decoding=\"async\" width=\"244\" height=\"28\" src=\"https:\/\/gosensic.com\/wp-content\/uploads\/2022\/11\/Sensic-payment-options.jpg\" class=\"vc_single_image-img attachment-full\" alt=\"Sensic website payment options\" title=\"Sensic payment options\" srcset=\"https:\/\/gosensic.com\/wp-content\/uploads\/2022\/11\/Sensic-payment-options.jpg 244w, https:\/\/gosensic.com\/wp-content\/uploads\/2022\/11\/Sensic-payment-options-18x2.jpg 18w\" sizes=\"(max-width: 244px) 100vw, 244px\" \/><\/div>\n\t\t<\/figure>\n\t<\/div>\n<\/div><\/div><div class=\"vc_tta-panel\" id=\"1668098493658-0784a157-0c8c\" data-vc-content=\".vc_tta-panel-body\"><div class=\"vc_tta-panel-heading\"><h4 class=\"vc_tta-panel-title vc_tta-controls-icon-position-left\"><a href=\"#1668098493658-0784a157-0c8c\" data-vc-accordion data-vc-container=\".vc_tta-container\"><span class=\"vc_tta-title-text\">Is my microphone compatible with the Sensic boom arms?<\/span><i class=\"vc_tta-controls-icon vc_tta-controls-icon-plus\"><\/i><\/a><\/h4><\/div><div class=\"vc_tta-panel-body\">\n\t<div class=\"wpb_text_column wpb_content_element\" >\n\t\t<div class=\"wpb_wrapper\">\n\t\t\t<p>Alle unsere Boom Arme sind mit fast allen Mikrofonen kompatibel, dank der Universalschrauben. Wir haben eine Kompatibilit\u00e4tstabelle erstellt, die die g\u00e4ngigsten Mikrofone enth\u00e4lt, klicken Sie <a href=\"https:\/\/gosensic.com\/de\/is-my-microphone-compatible-with-a-boom-arm\/\" target=\"_blank\" rel=\"noopener\"><strong><span style=\"color: #d250ea;\">Hier<\/span><\/strong><\/a> um es zu \u00fcberpr\u00fcfen.<\/p>\n<p>Wenn Ihr Mikrofon nicht in der Kompatibilit\u00e4tstabelle aufgef\u00fchrt ist, k\u00f6nnen Sie sich gerne mit uns unterhalten oder uns eine E-Mail schicken, damit wir herausfinden k\u00f6nnen, ob es mit unseren Auslegern kompatibel ist.<\/p>\n<p>The SA-20, SA-30 and SA-30 LP boom arms come with a 1\/4&#8243; DSLR screw as well which is used for DSLR cameras as well as some specific microphones and mounts.<\/p>\n\n\t\t<\/div>\n\t<\/div>\n<\/div><\/div><div class=\"vc_tta-panel\" id=\"1668098493677-767ca607-179a\" data-vc-content=\".vc_tta-panel-body\"><div class=\"vc_tta-panel-heading\"><h4 class=\"vc_tta-panel-title vc_tta-controls-icon-position-left\"><a href=\"#1668098493677-767ca607-179a\" data-vc-accordion data-vc-container=\".vc_tta-container\"><span class=\"vc_tta-title-text\">Wie funktioniert die R\u00fcckgabe?<\/span><i class=\"vc_tta-controls-icon vc_tta-controls-icon-plus\"><\/i><\/a><\/h4><\/div><div class=\"vc_tta-panel-body\">\n\t<div class=\"wpb_text_column wpb_content_element\" >\n\t\t<div class=\"wpb_wrapper\">\n\t\t\t<p><strong>Vergewissern Sie sich vor der R\u00fccksendung, dass Sie die unten aufgef\u00fchrten Kriterien einhalten:<\/strong><\/p>\n<ol>\n<li>Sie k\u00f6nnen einen Artikel innerhalb von 14 Kalendertagen ab dem Tag, an dem Sie ihn erhalten haben, zur\u00fcckgeben.<\/li>\n<li>Der Artikel muss sich in demselben Zustand befinden, wie Sie ihn erhalten haben.<\/li>\n<\/ol>\n<p><strong>Wenn Sie ein Produkt zur\u00fcckgeben m\u00f6chten, m\u00fcssen Sie die folgenden Schritte ausf\u00fchren:<\/strong><\/p>\n<ol>\n<li>Senden Sie eine E-Mail an <a href=\"mailto:returns@gosensic.com\">returns@gosensic.com<\/a>und teilen Sie mit, dass Sie den Artikel zur\u00fcckgeben m\u00f6chten. Bitte geben Sie auch den Grund f\u00fcr die R\u00fcckgabe an.<\/li>\n<li>Die Kosten f\u00fcr die R\u00fccksendung m\u00fcssen Sie selbst tragen.<\/li>\n<li>Sobald wir Ihren Artikel erhalten, werden wir ihn \u00fcberpr\u00fcfen und Sie benachrichtigen.<\/li>\n<li>Wenn Ihre R\u00fccksendung genehmigt wird, veranlassen wir die R\u00fcckerstattung auf die urspr\u00fcngliche Zahlungsmethode. Sie erhalten die Gutschrift innerhalb einer bestimmten Anzahl von Tagen, abh\u00e4ngig von den Richtlinien des Kartenausstellers.<\/li>\n<\/ol>\n\n\t\t<\/div>\n\t<\/div>\n<\/div><\/div><div class=\"vc_tta-panel\" id=\"1668098493694-85540b7a-c795\" data-vc-content=\".vc_tta-panel-body\"><div class=\"vc_tta-panel-heading\"><h4 class=\"vc_tta-panel-title vc_tta-controls-icon-position-left\"><a href=\"#1668098493694-85540b7a-c795\" data-vc-accordion data-vc-container=\".vc_tta-container\"><span class=\"vc_tta-title-text\">Mein Produkt ist kaputt, wie kann ich es zur\u00fcckgeben?<\/span><i class=\"vc_tta-controls-icon vc_tta-controls-icon-plus\"><\/i><\/a><\/h4><\/div><div class=\"vc_tta-panel-body\">\n\t<div class=\"wpb_text_column wpb_content_element\" >\n\t\t<div class=\"wpb_wrapper\">\n\t\t\t<h5><strong>F\u00fcr unsere Produkte gilt eine Garantiezeit von einem Jahr.<\/strong><\/h5>\n<p><strong>Wenn Sie sicher sind, dass das Produkt kaputt ist, gehen Sie bitte wie folgt vor:<\/strong><\/p>\n<ol>\n<li>Bitte senden Sie uns eine E-Mail an <a href=\"mailto:support@gosensic.com\">support@gosensic.com<\/a> und erkl\u00e4ren, was genau kaputt ist (wenn m\u00f6glich mit Bildern).<\/li>\n<li>Wenn wir zu dem Schluss kommen, dass eine Reparatur nicht m\u00f6glich ist, k\u00f6nnen Sie entweder den Artikel zur\u00fcckschicken und einen neuen erhalten oder eine teilweise R\u00fcckerstattung erhalten (je nach Schaden).<\/li>\n<li>Wenn Sie den Artikel zur\u00fccksenden m\u00f6chten, m\u00fcssen Sie die Versandkosten selbst tragen.<\/li>\n<li>Wir werden Sie benachrichtigen, sobald wir die R\u00fccksendung erhalten haben, und den Ersatz schicken.<\/li>\n<\/ol>\n\n\t\t<\/div>\n\t<\/div>\n<\/div><\/div><div class=\"vc_tta-panel\" id=\"1668098493711-9b76a793-45a9\" data-vc-content=\".vc_tta-panel-body\"><div class=\"vc_tta-panel-heading\"><h4 class=\"vc_tta-panel-title vc_tta-controls-icon-position-left\"><a href=\"#1668098493711-9b76a793-45a9\" data-vc-accordion data-vc-container=\".vc_tta-container\"><span class=\"vc_tta-title-text\">Wie kann ich meine Bestellung verfolgen?<\/span><i class=\"vc_tta-controls-icon vc_tta-controls-icon-plus\"><\/i><\/a><\/h4><\/div><div class=\"vc_tta-panel-body\">\n\t<div class=\"wpb_text_column wpb_content_element\" >\n\t\t<div class=\"wpb_wrapper\">\n\t\t\t<p>Nach dem Kauf Ihres Produkts erhalten Sie den Track &amp; Trace-Code mit einem Link in Ihrer Mailbox.<\/p>\n<p>Wenn es nicht zu funktionieren scheint, k\u00f6nnen Sie uns jederzeit eine E-Mail an <a href=\"mailto:support@gosensic.com\">support@gosensic.com<\/a><\/p>\n\n\t\t<\/div>\n\t<\/div>\n<\/div><\/div><\/div><\/div><\/div><\/div><\/div><\/div><\/div><div class=\"wpb_column vc_column_container vc_col-sm-4 vc_hidden-sm vc_hidden-xs\"><div class=\"vc_column-inner\"><div class=\"wpb_wrapper\"><h3 style=\"font-size: 1.6rem;line-height: 1em;text-align: left\" class=\"vc_custom_heading vc_custom_1683555146094\" >Didn't find what you were looking for?<\/h3>\n\t<div class=\"wpb_text_column wpb_content_element\" >\n\t\t<div class=\"wpb_wrapper\">\n\t\t\t<p><a class=\"button primary\" title=\"contact us\" href=\"https:\/\/gosensic.com\/de\/contact-us\/\">Kontakt<\/a><\/p>\n\n\t\t<\/div>\n\t<\/div>\n<\/div><\/div><\/div><\/div>","protected":false},"excerpt":{"rendered":"FAQFrequently asked questions we answeredWhich countries do we ship to? We are currently able to ship to the following countries: Europe The Netherlands, Belgium, Germany, Luxembourg, Bulgary, Czech Republic, Denmark, Estonia, Finland, France, Greece, Hungary, Ireland, Latvia, Lithuania, Austria, Poland, Portugal, Romania, Slovenia, Slovakia, Spain, Sweden &amp; United Kingdom. North-America* United states, Canada &amp; Mexico...","protected":false},"author":2,"featured_media":0,"parent":0,"menu_order":0,"comment_status":"closed","ping_status":"closed","template":"page-templates\/page-custom.php","meta":{"_coblocks_attr":"","_coblocks_dimensions":"","_coblocks_responsive_height":"","_coblocks_accordion_ie_support":"","_uag_custom_page_level_css":"","footnotes":""},"class_list":["post-819","page","type-page","status-publish","hentry"],"uagb_featured_image_src":{"full":false,"thumbnail":false,"medium":false,"medium_large":false,"large":false,"1536x1536":false,"2048x2048":false,"trp-custom-language-flag":false,"woocommerce_thumbnail":false,"woocommerce_single":false,"woocommerce_gallery_thumbnail":false},"uagb_author_info":{"display_name":"Raoul Bhaggoe","author_link":"https:\/\/gosensic.com\/de\/author\/raoulbaggoe\/"},"uagb_comment_info":0,"uagb_excerpt":null,"_links":{"self":[{"href":"https:\/\/gosensic.com\/de\/wp-json\/wp\/v2\/pages\/819","targetHints":{"allow":["GET"]}}],"collection":[{"href":"https:\/\/gosensic.com\/de\/wp-json\/wp\/v2\/pages"}],"about":[{"href":"https:\/\/gosensic.com\/de\/wp-json\/wp\/v2\/types\/page"}],"author":[{"embeddable":true,"href":"https:\/\/gosensic.com\/de\/wp-json\/wp\/v2\/users\/2"}],"replies":[{"embeddable":true,"href":"https:\/\/gosensic.com\/de\/wp-json\/wp\/v2\/comments?post=819"}],"version-history":[{"count":0,"href":"https:\/\/gosensic.com\/de\/wp-json\/wp\/v2\/pages\/819\/revisions"}],"wp:attachment":[{"href":"https:\/\/gosensic.com\/de\/wp-json\/wp\/v2\/media?parent=819"}],"curies":[{"name":"wp","href":"https:\/\/api.w.org\/{rel}","templated":true}]}}