{"id":718,"date":"2016-03-02T08:20:16","date_gmt":"2016-03-02T08:20:16","guid":{"rendered":"http:\/\/demo.themevan.com\/focux\/?page_id=718"},"modified":"2023-09-18T14:32:36","modified_gmt":"2023-09-18T14:32:36","slug":"about-sensic","status":"publish","type":"page","link":"https:\/\/gosensic.com\/de\/about-sensic\/","title":{"rendered":"About Sensic"},"content":{"rendered":"<div data-vc-full-width=\"true\" data-vc-full-width-init=\"false\" data-vc-stretch-content=\"true\" class=\"vc_row wpb_row vc_row-fluid vc_custom_1655290108049 vc_row-has-fill vc_row-no-padding vc_row-o-full-height vc_row-o-columns-middle vc_row-o-equal-height vc_row-o-content-top vc_row-flex\"><div class=\"wpb_column vc_column_container vc_col-sm-12\"><div class=\"vc_column-inner vc_custom_1456909454161\"><div class=\"wpb_wrapper\"><h1 style=\"font-size: 6rem;line-height: 1.2em;text-align: center\" class=\"vc_custom_heading wpb_animate_when_almost_visible wpb_bottom-to-top bottom-to-top vc_custom_1655289949360\" ><strong>ABOUT SENSIC<\/strong><\/h1><\/div><\/div><\/div><\/div><div class=\"vc_row-full-width vc_clearfix\"><\/div><div data-vc-full-width=\"true\" data-vc-full-width-init=\"false\" data-vc-stretch-content=\"true\" class=\"vc_row wpb_row vc_row-fluid vc_custom_1457544687202 vc_row-has-fill vc_row-no-padding vc_row-o-equal-height vc_row-o-content-middle vc_row-flex\"><div class=\"wpb_column vc_column_container vc_col-sm-6 vc_hidden-lg vc_hidden-md\"><div class=\"vc_column-inner vc_custom_1627651920604\"><div class=\"wpb_wrapper\"><h2 style=\"font-size: 3.2rem;line-height: 1.2em;text-align: center\" class=\"vc_custom_heading wpb_animate_when_almost_visible wpb_bottom-to-top bottom-to-top vc_custom_1627651388666\" ><strong>Wer<\/strong> we are<\/h2>\n\t<div class=\"wpb_text_column wpb_content_element  wpb_animate_when_almost_visible wpb_bottom-to-top bottom-to-top vc_custom_1673544587490\" >\n\t\t<div class=\"wpb_wrapper\">\n\t\t\t<p style=\"text-align: left;\"><span style=\"font-size: large;\">Unser Ziel ist es, der f\u00fchrende Anbieter von Arbeitspl\u00e4tzen f\u00fcr Gaming und Content Creation zu sein, sowie die unterst\u00fctzende Drehscheibe f\u00fcr alles, was mit Setup zu tun hat. Wir wollen eine lebendige und hilfsbereite Community schaffen, die Gamer und Content Creators aus der ganzen Welt zusammenbringt. Freude, Wissen und Memes zu verbreiten ist das, was uns antreibt. <\/span><\/p>\n\n\t\t<\/div>\n\t<\/div>\n<\/div><\/div><\/div><div class=\"wpb_column vc_column_container vc_col-sm-6 vc_hidden-lg vc_hidden-md\"><div class=\"vc_column-inner vc_custom_1627649312454\"><div class=\"wpb_wrapper\">\n\t<div  class=\"wpb_single_image wpb_content_element vc_align_left  wpb_animate_when_almost_visible wpb_bottom-to-top bottom-to-top\">\n\t\t\n\t\t<figure class=\"wpb_wrapper vc_figure\">\n\t\t\t<div class=\"vc_single_image-wrapper   vc_box_border_grey\"><img decoding=\"async\" width=\"960\" height=\"720\" src=\"https:\/\/gosensic.com\/wp-content\/uploads\/2022\/04\/Sensic-who-are-we.webp\" class=\"vc_single_image-img attachment-full\" alt=\"Sensic who are we\" title=\"Sensic who are we\" srcset=\"https:\/\/gosensic.com\/wp-content\/uploads\/2022\/04\/Sensic-who-are-we.webp 960w, https:\/\/gosensic.com\/wp-content\/uploads\/2022\/04\/Sensic-who-are-we-300x225.webp 300w, https:\/\/gosensic.com\/wp-content\/uploads\/2022\/04\/Sensic-who-are-we-768x576.webp 768w, https:\/\/gosensic.com\/wp-content\/uploads\/2022\/04\/Sensic-who-are-we-16x12.webp 16w, https:\/\/gosensic.com\/wp-content\/uploads\/2022\/04\/Sensic-who-are-we-600x450.webp 600w\" sizes=\"(max-width: 960px) 100vw, 960px\" \/><\/div>\n\t\t<\/figure>\n\t<\/div>\n<\/div><\/div><\/div><\/div><div class=\"vc_row-full-width vc_clearfix\"><\/div><div data-vc-full-width=\"true\" data-vc-full-width-init=\"false\" data-vc-stretch-content=\"true\" class=\"vc_row wpb_row vc_row-fluid vc_custom_1457544687202 vc_row-has-fill vc_row-no-padding vc_row-o-equal-height vc_row-o-content-middle vc_row-flex\"><div class=\"wpb_column vc_column_container vc_col-sm-6 vc_hidden-lg vc_hidden-md\"><div class=\"vc_column-inner vc_custom_1627651928620\"><div class=\"wpb_wrapper\"><h2 style=\"font-size: 3.2rem;line-height: 1.2em;text-align: center\" class=\"vc_custom_heading wpb_animate_when_almost_visible wpb_bottom-to-top bottom-to-top vc_custom_1627651356572\" ><strong>What<\/strong> we are working on<\/h2>\n\t<div class=\"wpb_text_column wpb_content_element  wpb_animate_when_almost_visible wpb_bottom-to-top bottom-to-top\" >\n\t\t<div class=\"wpb_wrapper\">\n\t\t\t<p><span style=\"font-size: large;\"><span style=\"color: #ffffff;\">Wir wollen den Workspace f\u00fcr Gaming und Content Creation verbessern und den Benutzern die besten Tools und Ressourcen zur Verf\u00fcgung stellen, damit sie ihr Setup in vollen Z\u00fcgen genie\u00dfen k\u00f6nnen.<br \/>\nWir sind bestrebt, ein ansprechendes Umfeld zu schaffen, indem wir mehr als \"nur\" Qualit\u00e4tsprodukte anbieten. Sie k\u00f6nnen auch unsere unterst\u00fctzende Community genie\u00dfen, die mit hilfreichen Tipps, Ressourcen und vielen NPCs gef\u00fcllt ist. <\/span><\/span><\/p>\n\n\t\t<\/div>\n\t<\/div>\n\n\t<div class=\"wpb_text_column wpb_content_element  wpb_animate_when_almost_visible wpb_bottom-to-top bottom-to-top\" >\n\t\t<div class=\"wpb_wrapper\">\n\t\t\t<p style=\"text-align: center;\"><a class=\"button primary\" tabindex=\"0\" href=\"https:\/\/gosensic.com\/de\/sensic-contactform\/\" data-fancybox=\"wpgs-lightbox\" data-mobile=\"&#091;&quot;clickContent:close&quot;,&quot;clickSlide:close&quot;&#093;\" data-hash=\"false\">Kontakt<\/a><\/p>\n\n\t\t<\/div>\n\t<\/div>\n<\/div><\/div><\/div><div class=\"wpb_column vc_column_container vc_col-sm-6 vc_hidden-lg vc_hidden-md\"><div class=\"vc_column-inner vc_custom_1627649267586\"><div class=\"wpb_wrapper\">\n\t<div  class=\"wpb_single_image wpb_content_element vc_align_left  wpb_animate_when_almost_visible wpb_bottom-to-top bottom-to-top\">\n\t\t\n\t\t<figure class=\"wpb_wrapper vc_figure\">\n\t\t\t<div class=\"vc_single_image-wrapper   vc_box_border_grey\"><img decoding=\"async\" width=\"960\" height=\"720\" src=\"https:\/\/gosensic.com\/wp-content\/uploads\/2022\/04\/Sensic-about-us.webp\" class=\"vc_single_image-img attachment-full\" alt=\"Sensic about us\" title=\"Sensic about us\" srcset=\"https:\/\/gosensic.com\/wp-content\/uploads\/2022\/04\/Sensic-about-us.webp 960w, https:\/\/gosensic.com\/wp-content\/uploads\/2022\/04\/Sensic-about-us-300x225.webp 300w, https:\/\/gosensic.com\/wp-content\/uploads\/2022\/04\/Sensic-about-us-768x576.webp 768w, https:\/\/gosensic.com\/wp-content\/uploads\/2022\/04\/Sensic-about-us-16x12.webp 16w, https:\/\/gosensic.com\/wp-content\/uploads\/2022\/04\/Sensic-about-us-600x450.webp 600w\" sizes=\"(max-width: 960px) 100vw, 960px\" \/><\/div>\n\t\t<\/figure>\n\t<\/div>\n<\/div><\/div><\/div><\/div><div class=\"vc_row-full-width vc_clearfix\"><\/div><div data-vc-full-width=\"true\" data-vc-full-width-init=\"false\" data-vc-stretch-content=\"true\" class=\"vc_row wpb_row vc_row-fluid vc_custom_1457544687202 vc_row-has-fill vc_row-no-padding vc_row-o-equal-height vc_row-o-content-middle vc_row-flex\"><div class=\"wpb_column vc_column_container vc_col-sm-6 vc_hidden-sm vc_hidden-xs\"><div class=\"vc_column-inner vc_custom_1627649233091\"><div class=\"wpb_wrapper\"><h2 style=\"font-size: 3.2rem;line-height: 1.2em;text-align: right\" class=\"vc_custom_heading wpb_animate_when_almost_visible wpb_left-to-right left-to-right vc_custom_1627378758689\" ><strong>Wer<\/strong> Wir Sind<\/h2>\n\t<div class=\"wpb_text_column wpb_content_element  wpb_animate_when_almost_visible wpb_left-to-right left-to-right vc_custom_1673544741851\" >\n\t\t<div class=\"wpb_wrapper\">\n\t\t\t<p style=\"text-align: right;\"><span style=\"font-size: large;\">Unser Ziel ist es, der f\u00fchrende Anbieter von Arbeitspl\u00e4tzen f\u00fcr Gaming und Content Creation zu sein, sowie die unterst\u00fctzende Drehscheibe f\u00fcr alles, was mit Setup zu tun hat. Wir wollen eine lebendige und hilfsbereite Community schaffen, die Gamer und Content Creators aus der ganzen Welt zusammenbringt. Freude, Wissen und Memes zu verbreiten ist das, was uns antreibt. <\/span><\/p>\n\n\t\t<\/div>\n\t<\/div>\n<\/div><\/div><\/div><div class=\"wpb_column vc_column_container vc_col-sm-6 vc_hidden-sm vc_hidden-xs\"><div class=\"vc_column-inner vc_custom_1627649239205\"><div class=\"wpb_wrapper\">\n\t<div  class=\"wpb_single_image wpb_content_element vc_align_left  wpb_animate_when_almost_visible wpb_right-to-left right-to-left\">\n\t\t\n\t\t<figure class=\"wpb_wrapper vc_figure\">\n\t\t\t<div class=\"vc_single_image-wrapper   vc_box_border_grey\"><img decoding=\"async\" width=\"960\" height=\"720\" src=\"https:\/\/gosensic.com\/wp-content\/uploads\/2022\/04\/Sensic-who-are-we.webp\" class=\"vc_single_image-img attachment-full\" alt=\"Sensic who are we\" title=\"Sensic who are we\" srcset=\"https:\/\/gosensic.com\/wp-content\/uploads\/2022\/04\/Sensic-who-are-we.webp 960w, https:\/\/gosensic.com\/wp-content\/uploads\/2022\/04\/Sensic-who-are-we-300x225.webp 300w, https:\/\/gosensic.com\/wp-content\/uploads\/2022\/04\/Sensic-who-are-we-768x576.webp 768w, https:\/\/gosensic.com\/wp-content\/uploads\/2022\/04\/Sensic-who-are-we-16x12.webp 16w, https:\/\/gosensic.com\/wp-content\/uploads\/2022\/04\/Sensic-who-are-we-600x450.webp 600w\" sizes=\"(max-width: 960px) 100vw, 960px\" \/><\/div>\n\t\t<\/figure>\n\t<\/div>\n\n\t<div  class=\"wpb_single_image wpb_content_element vc_align_left  wpb_animate_when_almost_visible wpb_right-to-left right-to-left\">\n\t\t\n\t\t<figure class=\"wpb_wrapper vc_figure\">\n\t\t\t<div class=\"vc_single_image-wrapper   vc_box_border_grey\"><\/div>\n\t\t<\/figure>\n\t<\/div>\n<\/div><\/div><\/div><\/div><div class=\"vc_row-full-width vc_clearfix\"><\/div><div data-vc-full-width=\"true\" data-vc-full-width-init=\"false\" data-vc-stretch-content=\"true\" class=\"vc_row wpb_row vc_row-fluid vc_custom_1590001253173 vc_row-has-fill vc_row-no-padding vc_row-o-equal-height vc_row-o-content-middle vc_row-flex\"><div class=\"wpb_column vc_column_container vc_col-sm-6 vc_hidden-sm vc_hidden-xs\"><div class=\"vc_column-inner vc_custom_1627649246500\"><div class=\"wpb_wrapper\">\n\t<div  class=\"wpb_single_image wpb_content_element vc_align_right  wpb_animate_when_almost_visible wpb_right-to-left right-to-left\">\n\t\t\n\t\t<figure class=\"wpb_wrapper vc_figure\">\n\t\t\t<div class=\"vc_single_image-wrapper   vc_box_border_grey\"><img decoding=\"async\" width=\"854\" height=\"640\" src=\"https:\/\/gosensic.com\/wp-content\/uploads\/2023\/01\/Sensic-what-we-are-working-on.webp\" class=\"vc_single_image-img attachment-full\" alt=\"Sensic-what-we-are-working-on\" title=\"Sensic-what-we-are-working-on\" srcset=\"https:\/\/gosensic.com\/wp-content\/uploads\/2023\/01\/Sensic-what-we-are-working-on.webp 854w, https:\/\/gosensic.com\/wp-content\/uploads\/2023\/01\/Sensic-what-we-are-working-on-300x225.webp 300w, https:\/\/gosensic.com\/wp-content\/uploads\/2023\/01\/Sensic-what-we-are-working-on-768x576.webp 768w, https:\/\/gosensic.com\/wp-content\/uploads\/2023\/01\/Sensic-what-we-are-working-on-16x12.webp 16w, https:\/\/gosensic.com\/wp-content\/uploads\/2023\/01\/Sensic-what-we-are-working-on-600x450.webp 600w\" sizes=\"(max-width: 854px) 100vw, 854px\" \/><\/div>\n\t\t<\/figure>\n\t<\/div>\n<\/div><\/div><\/div><div class=\"wpb_column vc_column_container vc_col-sm-6 vc_hidden-sm vc_hidden-xs\"><div class=\"vc_column-inner vc_custom_1627649252389\"><div class=\"wpb_wrapper\"><h2 style=\"font-size: 3rem;color: #ffffff;line-height: 1.2em;text-align: left\" class=\"vc_custom_heading wpb_animate_when_almost_visible wpb_right-to-left right-to-left vc_custom_1627378734483\" ><strong>What<\/strong>\r\nWe Are Working On<\/h2>\n\t<div class=\"wpb_text_column wpb_content_element  wpb_animate_when_almost_visible wpb_right-to-left right-to-left vc_custom_1673544686308\" >\n\t\t<div class=\"wpb_wrapper\">\n\t\t\t<p><span style=\"font-size: large;\"><span style=\"color: #ffffff;\">Wir wollen den Workspace f\u00fcr Gaming und Content Creation verbessern und den Benutzern die besten Tools und Ressourcen zur Verf\u00fcgung stellen, damit sie ihr Setup in vollen Z\u00fcgen genie\u00dfen k\u00f6nnen.<br \/>\nWir sind bestrebt, ein ansprechendes Umfeld zu schaffen, indem wir mehr als \"nur\" Qualit\u00e4tsprodukte anbieten. Sie k\u00f6nnen auch unsere unterst\u00fctzende Community genie\u00dfen, die mit hilfreichen Tipps, Ressourcen und vielen NPCs gef\u00fcllt ist. <\/span><\/span><\/p>\n\n\t\t<\/div>\n\t<\/div>\n\n\t<div class=\"wpb_text_column wpb_content_element  wpb_animate_when_almost_visible wpb_right-to-left right-to-left\" >\n\t\t<div class=\"wpb_wrapper\">\n\t\t\t<p style=\"text-align: left;\"><a class=\"button primary\" tabindex=\"0\" href=\"https:\/\/gosensic.com\/de\/contact\/\" data-hash=\"false\">Kontakt<\/a><\/p>\n\n\t\t<\/div>\n\t<\/div>\n<\/div><\/div><\/div><\/div><div class=\"vc_row-full-width vc_clearfix\"><\/div><div data-vc-full-width=\"true\" data-vc-full-width-init=\"false\" data-vc-stretch-content=\"true\" class=\"vc_row wpb_row vc_row-fluid\"><div class=\"wpb_column vc_column_container vc_col-sm-12\"><div class=\"vc_column-inner\"><div class=\"wpb_wrapper\"><h2 style=\"font-size: 3rem;color: #ffffff;line-height: 1.2em;text-align: center\" class=\"vc_custom_heading wpb_animate_when_almost_visible wpb_right-to-left right-to-left\" >Working With\r\n<strong>Streamers<\/strong><\/h2>\n\t<div class=\"wpb_text_column wpb_content_element  wpb_animate_when_almost_visible wpb_bottom-to-top bottom-to-top\" >\n\t\t<div class=\"wpb_wrapper\">\n\t\t\t<p style=\"text-align: center;\"><span style=\"font-size: large;\">Sensic loves to work together with streamers, providing them with all the tools and resources necessary to create the optimal streaming setup.<\/span><\/p>\n<p style=\"text-align: center;\"><span style=\"font-size: large;\">If you&#8217;re a streamer and you&#8217;d like to partner up with us, check out our <a href=\"https:\/\/gosensic.com\/de\/sensic-affiliate\/\"><strong>affiliate\/partner program<\/strong><\/a>!<\/span><\/p>\n\n\t\t<\/div>\n\t<\/div>\n\t\t<section class=\"tdt-slider slider default-tdt\" id=\"tdt-slider-342\" data-mobiles=\"2\" data-tabs=\"3\" style=\"width: ;\" data-slick='{\"arrows\": true, \"autoplaySpeed\": 6500, \"dots\": true, \"autoplay\": true, \"slidesToShow\": 3, \"slidesToScroll\": 1, \"fade\": false}'>\n\t\t    \t\t<div class=\"carousel-caption\" style=\"background: none;\">\r\n\t\t  <div>\r\n\t\t\t\t\t\t  \t<img decoding=\"async\" src=\"https:\/\/gosensic.com\/wp-content\/uploads\/2023\/03\/Sensic-partner-AliceInWonderlandxX.jpg\" alt=\"\" class=\"ultimate-slide-img\" style=\"max-width: 100%; width: 100%; height: ; border-radius: 0px; margin-bottom: 15px;\" title=\"\">\r\n\t\t\t\t\t  \t<span class=\"content-section\" style=\"text-align: center;\">\r\n\t\t\t  \t<h2 class=\"tdt-slider-heading\" style=\"font-size: 22px; color: ; font-weight: normal; line-height: 1;\">\r\n\t\t\t  \t\t\t\t\t  \t<\/h2>\r\n\t\t\t  \t\t\t\t  \t\r\n\t\t\t  \t<h4 style=\"text-align: center; font-family: lato;\">AliceInWonderlandxX<br \/>\n(Sensic Partner)<\/h4>\n<p style=\"text-align: center; font-family: lato;\"><a href=\"https:\/\/www.twitch.tv\/aliceinwonderlandxx\" target=\"_blank\" rel=\"noopener\">@aliceinwonderlandxx on Twitch<\/a><\/p>\n<br>\r\n\r\n\t\t\t  \t\t\t  \t<\/span>\r\n\t\t  <\/div>\r\n\t\t<\/div>\r\n\t\t\t\t<div class=\"carousel-caption\" style=\"background: none;\">\r\n\t\t  <div>\r\n\t\t\t\t\t\t  \t<img decoding=\"async\" src=\"https:\/\/gosensic.com\/wp-content\/uploads\/2023\/03\/Ghostf0x-Twitch.jpg\" alt=\"\" class=\"ultimate-slide-img\" style=\"max-width: 100%; width: 100%; height: ; border-radius: 0px; margin-bottom: 15px;\" title=\"\">\r\n\t\t\t\t\t  \t<span class=\"content-section\" style=\"text-align: center;\">\r\n\t\t\t  \t<h2 class=\"tdt-slider-heading\" style=\"font-size: 22px; color: ; font-weight: normal; line-height: 1;\">\r\n\t\t\t  \t\t\t\t\t  \t<\/h2>\r\n\t\t\t  \t\t\t\t  \t\r\n\t\t\t  \t<h4 style=\"text-align: center; font-family: lato;\">ghostf0x_<br \/>\n(Sensic Partner)<\/h4>\n<p style=\"text-align: center; font-family: lato;\"><a href=\"https:\/\/www.twitch.tv\/ghostf0x_\" target=\"_blank\" rel=\"noopener\">@ghostf0x_ on Twitch<\/a><\/p>\n<br>\r\n\r\n\t\t\t  \t\t\t  \t<\/span>\r\n\t\t  <\/div>\r\n\t\t<\/div>\r\n\t\t\t\t<div class=\"carousel-caption\" style=\"background: none;\">\r\n\t\t  <div>\r\n\t\t\t\t\t\t  \t<img decoding=\"async\" src=\"https:\/\/gosensic.com\/wp-content\/uploads\/2022\/12\/xDinomite-setup-SA-20.jpg\" alt=\"\" class=\"ultimate-slide-img\" style=\"max-width: 100%; width: ; height: ; border-radius: 0px; margin-bottom: 15px;\" title=\"\">\r\n\t\t\t\t\t  \t<span class=\"content-section\" style=\"text-align: center;\">\r\n\t\t\t  \t<h2 class=\"tdt-slider-heading\" style=\"font-size: 22px; color: ; font-weight: normal; line-height: 1;\">\r\n\t\t\t  \t\t\t\t\t  \t<\/h2>\r\n\t\t\t  \t\t\t\t  \t\r\n\t\t\t  \t<h4 style=\"text-align: center; font-family: lato;\">xDINOMITE<br \/>\n(Sensic Partner)<\/h4>\n<p style=\"text-align: center; font-family: lato;\"><a href=\"https:\/\/www.twitch.tv\/xdinomite\" target=\"_blank\" rel=\"noopener\">@xDinomite on Twitch<\/a><\/p>\n<br>\r\n\r\n\t\t\t  \t\t\t  \t<\/span>\r\n\t\t  <\/div>\r\n\t\t<\/div>\n\t\t<\/section>\n\n\t\t<style>\n\t\t#tdt-slider-342 .slick-dots li button:before{\n\t\t\tcolor: transparent;\n\t\t\tborder: 2px solid transparent;\n\t\t}\n\t\t#tdt-slider-342 .slick-next:before {\n\t\t\tcolor: #000 !important;\n\t\t\tfont-size: 30px !important;\n\t\t}\n\t\t#tdt-slider-342 .slick-prev:before {\n\t\t\tcolor: #000 !important;\n\t\t\tfont-size: 30px !important;\n\t\t}\n\t\t#tdt-slider-342 .slick-dots li.slick-active button:before {\n\t\t\topacity: 1 !important;\n\t\t}\n\t\t#tdt-slider-342.content-over-slider .slick-slide .content-section {\n\t\t\ttop: 15%;\n\t\t}\n\t\t#tdt-slider-342 .slick-slide {\n\t\t\tpadding: 0 15px !important;\n\t\t}\n\t\t@media only screen and (max-width: 480px) {\n\t\t\t#tdt-slider-342.content-over-slider .slick-slide .content-section {\n\t\t\t\ttop: 35px !important;\n\t\t\t}\n\t\t\t#tdt-slider-342.content-over-slider .ultimate-slide-img {\n\t\t\t\theight:  !important;\n\t\t\t\tobject-fit: cover;\n\t\t\t}\n\t\t}\n\t\t<\/style>\n\t\t<\/div><\/div><\/div><\/div><div class=\"vc_row-full-width vc_clearfix\"><\/div>","protected":false},"excerpt":{"rendered":"ABOUT SENSICWho we are We aim to be the leading provider of gaming and content creation workspaces as well as being the supportive hub for everything setup related. We want to create a vibrant and supportive community that brings gamers and content creators together from all around the globe. Spreading joy, knowledge and memes is...","protected":false},"author":2,"featured_media":0,"parent":0,"menu_order":0,"comment_status":"closed","ping_status":"closed","template":"page-templates\/page-custom.php","meta":{"_coblocks_attr":"","_coblocks_dimensions":"","_coblocks_responsive_height":"","_coblocks_accordion_ie_support":"","_uag_custom_page_level_css":"","footnotes":""},"class_list":["post-718","page","type-page","status-publish","hentry"],"uagb_featured_image_src":{"full":false,"thumbnail":false,"medium":false,"medium_large":false,"large":false,"1536x1536":false,"2048x2048":false,"trp-custom-language-flag":false,"woocommerce_thumbnail":false,"woocommerce_single":false,"woocommerce_gallery_thumbnail":false},"uagb_author_info":{"display_name":"Raoul Bhaggoe","author_link":"https:\/\/gosensic.com\/de\/author\/raoulbaggoe\/"},"uagb_comment_info":0,"uagb_excerpt":null,"_links":{"self":[{"href":"https:\/\/gosensic.com\/de\/wp-json\/wp\/v2\/pages\/718","targetHints":{"allow":["GET"]}}],"collection":[{"href":"https:\/\/gosensic.com\/de\/wp-json\/wp\/v2\/pages"}],"about":[{"href":"https:\/\/gosensic.com\/de\/wp-json\/wp\/v2\/types\/page"}],"author":[{"embeddable":true,"href":"https:\/\/gosensic.com\/de\/wp-json\/wp\/v2\/users\/2"}],"replies":[{"embeddable":true,"href":"https:\/\/gosensic.com\/de\/wp-json\/wp\/v2\/comments?post=718"}],"version-history":[{"count":0,"href":"https:\/\/gosensic.com\/de\/wp-json\/wp\/v2\/pages\/718\/revisions"}],"wp:attachment":[{"href":"https:\/\/gosensic.com\/de\/wp-json\/wp\/v2\/media?parent=718"}],"curies":[{"name":"wp","href":"https:\/\/api.w.org\/{rel}","templated":true}]}}