{"id":4370,"date":"2022-04-05T10:58:45","date_gmt":"2022-04-05T10:58:45","guid":{"rendered":"https:\/\/gosensic.com\/?page_id=4370"},"modified":"2026-01-07T13:47:47","modified_gmt":"2026-01-07T13:47:47","slug":"is-my-microphone-compatible-with-a-boom-arm","status":"publish","type":"page","link":"https:\/\/gosensic.com\/de\/is-my-microphone-compatible-with-a-boom-arm\/","title":{"rendered":"Mikrofon-Kompatibilit\u00e4t"},"content":{"rendered":"<div class=\"vc_row wpb_row vc_row-fluid\"><div class=\"wpb_column vc_column_container vc_col-sm-12\"><div class=\"vc_column-inner\"><div class=\"wpb_wrapper\"><h3 style=\"text-align: center\" class=\"vc_custom_heading\" >Ist mein Mikrofon mit den Sensic-Armen kompatibel?<\/h3>\n\t<div class=\"wpb_text_column wpb_content_element\" >\n\t\t<div class=\"wpb_wrapper\">\n\t\t\t<p style=\"text-align: center;\">Mikrofone sind in der Regel so konstruiert, dass sie mit Mikrofonarmen kompatibel sind. Daher werden die meisten Mikrofone mit der erforderlichen Halterung\/dem Clip\/Adapter zur Befestigung geliefert. Wenn Ihr Mikrofon nicht mit einer Shock Mount geliefert wird, k\u00f6nnen Sie eine solche auch separat kaufen. Vergewissern Sie sich nur, dass die Schock Mount f\u00fcr Ihr spezielles Mikrofon geeignet ist.<\/p>\n\n\t\t<\/div>\n\t<\/div>\n\n\t<div class=\"wpb_raw_code wpb_content_element wpb_raw_html\" >\n\t\t<div class=\"wpb_wrapper\">\n\t\t\t<center><a class=\"button primary\" href=\"https:\/\/gosensic.com\/de\/produkt\/sa-10-boom-arm\/\" target=\"_blank\" rel=\"https:\/\/gosensic.com\/product\/sa-20-boom-arm\/ noopener\">SA-10 boom arm<\/a>         <a class=\"button primary\" href=\"https:\/\/gosensic.com\/de\/produkt\/sa-20-boom-arm\/\" target=\"_blank\" rel=\"https:\/\/gosensic.com\/product\/sa-20-boom-arm\/ noopener\">SA-20 boom arm<\/a>\n<a class=\"button primary\" href=\"https:\/\/gosensic.com\/de\/sa-30-boom-arm\/\" target=\"_blank\" rel=\"https:\/\/gosensic.com\/sa-30-boom-arm\/ noopener\">SA-30 boom arm<\/a>\n<a class=\"button primary\" href=\"https:\/\/gosensic.com\/de\/sa-30-lp-boom-arm\/\" target=\"_blank\" rel=\"https:\/\/gosensic.com\/sa-30-boom-arm\/ noopener\">SA-30 LP mic stand<\/a><\/center>\n\t\t<\/div>\n\t<\/div>\n<h3 style=\"text-align: center\" class=\"vc_custom_heading\" >Kompatibilit\u00e4tstabelle<\/h3>\n\t<div class=\"wpb_text_column wpb_content_element\" >\n\t\t<div class=\"wpb_wrapper\">\n\t\t\t<p style=\"text-align: center;\">Nachfolgend finden Sie eine Liste g\u00e4ngiger Mikrofone, die sowohl mit unseren SA-10 als auch mit unseren SA-20 Mikrofonarmen kompatibel sind. Bitte beachten Sie, dass diese Liste nur die g\u00e4ngigsten Mikrofone enth\u00e4lt. Wenn Sie ein Mikrofon haben, das nicht auf dieser Liste steht, <strong><span style=\"color: #c89ac5;\">Sie k\u00f6nnen uns gerne kontaktieren<\/span><\/strong> und wir werden schnell herausfinden, ob es mit unseren Mikrofonarmen kompatibel ist<\/p>\n<figure class=\"wp-block-table is-style-stripes\">\n<table class=\"compare_table has-fixed-layout full-width-table\">\n<tbody>\n<tr>\n<td class=\"has-text-align-center\" data-align=\"center\"><strong>Marke<\/strong><\/td>\n<td class=\"has-text-align-center\" data-align=\"center\"><strong>Modell<\/strong><\/td>\n<\/tr>\n<tr>\n<td class=\"has-text-align-center\" data-align=\"center\">Audio-Technica<\/td>\n<td class=\"has-text-align-center\" data-align=\"center\">AT-2020 (USB+)<br \/>AT-2035<br \/>AT-2040<br \/>ATR-2100 USB<\/td>\n<\/tr>\n<tr>\n<td class=\"has-text-align-center\" data-align=\"center\">Beacn<\/td>\n<td class=\"has-text-align-center\" data-align=\"center\">Beacn Mic<\/td>\n<\/tr>\n<tr>\n<td class=\"has-text-align-center\" data-align=\"center\">Blue Microphones<\/td>\n<td class=\"has-text-align-center\" data-align=\"center\">Yeti<br \/>Yeti Nano<br \/>Yeti X<br \/>Snowball<br \/>Snowball ICE<br \/>Baby bottle<\/td>\n<\/tr>\n<tr>\n<td class=\"has-text-align-center\" data-align=\"center\">Elgato<\/td>\n<td class=\"has-text-align-center\" data-align=\"center\">Wave 1<br \/>Wave 3<\/td>\n<\/tr>\n<tr>\n<td class=\"has-text-align-center\" data-align=\"center\">Epos<\/td>\n<td class=\"has-text-align-center\" data-align=\"center\">B20<\/td>\n<\/tr>\n<tr>\n<td class=\"has-text-align-center\" data-align=\"center\">Fifine<\/td>\n<td class=\"has-text-align-center\" data-align=\"center\">K668<br \/>K669<br \/>K670<br \/>K683<br \/>K678<br \/>T669<br \/>T732<\/td>\n<\/tr>\n<tr>\n<td class=\"has-text-align-center\" data-align=\"center\">HyperX<\/td>\n<td class=\"has-text-align-center\" data-align=\"center\">QuadCast (2) (S)<br \/>SoloCast<\/td>\n<\/tr>\n<tr>\n<td class=\"has-text-align-center\" data-align=\"center\">Maono<\/td>\n<td class=\"has-text-align-center\" data-align=\"center\">AU-A04<br \/>A04H<br \/>A04T<br \/>A04TC<br \/>PM422<\/td>\n<\/tr>\n<tr>\n<td class=\"has-text-align-center\" data-align=\"center\">MXL<\/td>\n<td class=\"has-text-align-center\" data-align=\"center\">V67G<br \/>770<br \/>BCD-1<br \/>990\/991<br \/>550<\/td>\n<\/tr>\n<tr>\n<td class=\"has-text-align-center\" data-align=\"center\">NZXT<\/td>\n<td class=\"has-text-align-center\" data-align=\"center\">Capsule<\/td>\n<\/tr>\n<tr>\n<td class=\"has-text-align-center\" data-align=\"center\">Razer<\/td>\n<td class=\"has-text-align-center\" data-align=\"center\">Seiren mini<br \/>Seiren X<br \/>Seiren Pro<\/td>\n<\/tr>\n<tr>\n<td class=\"has-text-align-center\" data-align=\"center\">R\u00d8DE Microphones<\/td>\n<td class=\"has-text-align-center\" data-align=\"center\">NT-USB<br \/>NT1000<br \/>Procaster<br \/>PodMic<\/td>\n<\/tr>\n<tr>\n<td class=\"has-text-align-center\" data-align=\"center\">Samson<\/td>\n<td class=\"has-text-align-center\" data-align=\"center\">Q1<br \/>Q2U USB\/XLR<br \/>C01U USB<br \/>C02 Pencil<\/td>\n<\/tr>\n<tr>\n<td class=\"has-text-align-center\" data-align=\"center\">Shure<\/td>\n<td class=\"has-text-align-center\" data-align=\"center\">SM58<br \/>SM7BSM48<br \/>PGA48<br \/>PGA58<br \/>MV7<\/td>\n<\/tr>\n<\/tbody>\n<\/table>\n<\/figure>\n<figure class=\"wp-block-table aligncenter is-style-regular\"><\/figure>\n<style>\n.compare_table {<br \/>font-size: 14px;<br \/>}<br \/>.compare_table td{<br \/> text-align: left;<br \/>}<br \/>.compare_table td:nth-child(2) {<br \/>border-color: #eee;<br \/><\/style>\n\n\t\t<\/div>\n\t<\/div>\n<h3 style=\"text-align: left\" class=\"vc_custom_heading\" >Spielt das Gewicht meines Mikrofons eine Rolle?<\/h3>\n\t<div class=\"wpb_text_column wpb_content_element\" >\n\t\t<div class=\"wpb_wrapper\">\n\t\t\t<p style=\"text-align: left;\">All our boom arms can<strong><span style=\"color: #c89ac5;\">\u00a0k\u00f6nnen das Gewicht der meisten Mikrofone problemlos tragen<\/span><\/strong>Diese Mikrofonarme k\u00f6nnen ein Gewicht von bis zu 1200 Gramm tragen, w\u00e4hrend die meisten USB- und XLR-Mikrofone ungef\u00e4hr zwischen 300 und 600 Gramm wiegen. Selbst mit einer zus\u00e4tzlichen Sto\u00dfd\u00e4mpferhalterung und Kabeln sollten Sie keine Probleme haben.<\/p>\n<p style=\"text-align: left;\">Wenn Sie ein schwereres Mikrofon wie das Rode PodMic (937 Gramm) haben, sollten Sie sich \u00fcberlegen, <strong><span style=\"color: #c89ac5;\">wie Sie den Mikrofonarm platzieren <\/span><\/strong>vor dem Kauf. Wenn sich der Arm in einer sehr gestreckten Position befindet, wird mehr Gewicht auf den Arm \u00fcbertragen. F\u00fcr diese F\u00e4lle empfehlen wir den SA-20 Galgenarm, da er es Ihnen erm\u00f6glicht, einzelne Winkel zu arretieren und die Federspannung bei Bedarf anzupassen. Wenn Sie einen Auslegerarm suchen, der mit praktisch allem kompatibel ist, ist der SA-20 die sicherste Option.<\/p>\n\n\t\t<\/div>\n\t<\/div>\n\n\t<div  class=\"wpb_single_image wpb_content_element vc_align_center\">\n\t\t\n\t\t<figure class=\"wpb_wrapper vc_figure\">\n\t\t\t<div class=\"vc_single_image-wrapper   vc_box_border_grey\"><img decoding=\"async\" class=\"vc_single_image-img\" src=\"https:\/\/gosensic.com\/wp-content\/uploads\/2021\/06\/Sensic-SA-20-free-movement-400x400.webp\" width=\"400\" height=\"400\" alt=\"Sensic SA-20 boom arm compatible with microphone\" title=\"Sensic SA-20 free movement\" \/><\/div>\n\t\t<\/figure>\n\t<\/div>\n<h3 style=\"text-align: left\" class=\"vc_custom_heading\" >Wie sollte man einen Mikrofonarm positionieren?<\/h3>\n\t<div class=\"wpb_text_column wpb_content_element\" >\n\t\t<div class=\"wpb_wrapper\">\n\t\t\t<p style=\"text-align: left;\">Es h\u00e4ngt stark davon ab, ob Ihr Schreibtisch gro\u00df oder klein ist. Die gebr\u00e4uchlichste Art, einen Auslegerarm zu montieren, ist, ihn <strong><span style=\"color: #c89ac5;\">an der Seite oder an der R\u00fcckseite des Schreibtisches <\/span><\/strong>und lassen Sie das Mikrofon \u00fcber dem Kopf h\u00e4ngen. Auf diese Weise ist das Mikrofon nicht im Weg, da es \u00fcber den Monitoren h\u00e4ngt und gr\u00f6\u00dftenteils au\u00dfer Sichtweite ist.<\/p>\n<p style=\"text-align: left;\">Sie k\u00f6nnen das Mikrofon auch in einer niedrigeren Position anbringen. Dies w\u00fcrde allerdings die Sicht etwas mehr behindern, k\u00f6nnte aber bei bestimmten Tischgr\u00f6\u00dfen optimaler sein.<\/p>\n<p>Manche Leute entscheiden sich stattdessen f\u00fcr eine T\u00fcllenbefestigung, bei der ein kleines Loch in den Tisch gebohrt wird und der Auslegerarm durch dieses Loch befestigt wird. Die SA-20 Tischklemme ist hierf\u00fcr kompatibel, da die Tischklemme in eine T\u00fcllenhalterung umgewandelt werden kann.<\/p>\n<p style=\"text-align: left;\">F\u00fcr gute Tipps zur optimalen Mikrofonplatzierung empfehlen wir <a href=\"https:\/\/gosensic.com\/de\/how-to-make-your-microphone-sound-better-in-5-steps\/\"><strong><span style=\"color: #c89ac5;\">diesen Blog<\/span><\/strong><\/a>.<\/p>\n\n\t\t<\/div>\n\t<\/div>\n\n\t<div  class=\"wpb_single_image wpb_content_element vc_align_center\">\n\t\t\n\t\t<figure class=\"wpb_wrapper vc_figure\">\n\t\t\t<div class=\"vc_single_image-wrapper   vc_box_border_grey\"><img decoding=\"async\" width=\"1476\" height=\"834\" src=\"https:\/\/gosensic.com\/wp-content\/uploads\/2022\/11\/Sensic-SA-20-boom-arm-overhead-microphone-1.jpg\" class=\"vc_single_image-img attachment-full\" alt=\"Sensic SA-20 boom arm overhead microphone\" title=\"Sensic SA-20 boom arm overhead microphone\" srcset=\"https:\/\/gosensic.com\/wp-content\/uploads\/2022\/11\/Sensic-SA-20-boom-arm-overhead-microphone-1.jpg 1476w, https:\/\/gosensic.com\/wp-content\/uploads\/2022\/11\/Sensic-SA-20-boom-arm-overhead-microphone-1-300x170.jpg 300w, https:\/\/gosensic.com\/wp-content\/uploads\/2022\/11\/Sensic-SA-20-boom-arm-overhead-microphone-1-1024x579.jpg 1024w, https:\/\/gosensic.com\/wp-content\/uploads\/2022\/11\/Sensic-SA-20-boom-arm-overhead-microphone-1-768x434.jpg 768w, https:\/\/gosensic.com\/wp-content\/uploads\/2022\/11\/Sensic-SA-20-boom-arm-overhead-microphone-1-18x10.jpg 18w, https:\/\/gosensic.com\/wp-content\/uploads\/2022\/11\/Sensic-SA-20-boom-arm-overhead-microphone-1-600x339.jpg 600w\" sizes=\"(max-width: 1476px) 100vw, 1476px\" \/><\/div>\n\t\t<\/figure>\n\t<\/div>\n<h3 style=\"text-align: left\" class=\"vc_custom_heading\" >\u00dcberpr\u00fcfen Sie die Kabell\u00e4nge Ihres Mikrofons<\/h3>\n\t<div class=\"wpb_text_column wpb_content_element\" >\n\t\t<div class=\"wpb_wrapper\">\n\t\t\t<p style=\"text-align: left;\">Um Ihre Einrichtung sch\u00f6n und sauber zu halten, sollten Sie entweder die <strong><span style=\"color: #c89ac5;\">integriertes Kabelmanagement <\/span><\/strong>(SA-20 &amp; SA-30) or the <strong><span style=\"color: #c89ac5;\">mitgelieferte Kabelbinder<\/span><\/strong>\u00a0(SA-10). Allerdings m\u00fcsste das Mikrofonkabel etwas lang sein (85 cm vom Mikrofon bis zur Unterseite des Arms + Abstand vom Boom Arm zum USB\/XLR-Eingang). Wenn Ihre Kabel nicht lang genug sind, k\u00f6nnten Sie entweder den USB\/XLR-Eingang n\u00e4her an den Arm verlegen oder weniger Kabelbinder\/Klammern verwenden.<\/p>\n\n\t\t<\/div>\n\t<\/div>\n<h3 style=\"text-align: left\" class=\"vc_custom_heading\" >Kann der Mikrofonarm eine DSLR-Kamera oder ein Telefon halten?<\/h3>\n\t<div class=\"wpb_text_column wpb_content_element\" >\n\t\t<div class=\"wpb_wrapper\">\n\t\t\t<p style=\"text-align: left;\">The SA-20 and SA-30 boom arms comes with an included <strong><span style=\"color: #c89ac5;\">DSLR adapter <\/span><\/strong>which makes it compatible with a DSLR camera and a phone holder that has a 1\/4&#8243; screw mount. Please note that the phone holder is not included with these arms. If you want to mount a phone, you might want to tighten the angle locks a bit more to better support the lighter weight.<\/p>\n<p style=\"text-align: left;\">Die SA-10 kommt nicht mit einem mitgelieferten DSLR-Adapter, so dass es nicht kompatibel sein wird aus der Box. Wenn Sie eine DSLR-Kamera oder ein Telefon montieren m\u00f6chten, m\u00fcssten Sie f\u00fcr eine 5\/8\u2033 weiblich zu 1\/4\u2033 m\u00e4nnlich Schraubadapter suchen.<\/p>\n\n\t\t<\/div>\n\t<\/div>\n<\/div><\/div><\/div><\/div>","protected":false},"excerpt":{"rendered":"Is my microphone compatible with Sensic boom arms? Microphones are generally designed to be compatible with boom arms, therefore most of them come with the necessary mount\/clip\/adapter to mount it. If your microphone does not come with a shock mount, you can always buy one separately. Just make sure that the shock mount is suitable...","protected":false},"author":2,"featured_media":0,"parent":0,"menu_order":0,"comment_status":"closed","ping_status":"closed","template":"","meta":{"_coblocks_attr":"","_coblocks_dimensions":"","_coblocks_responsive_height":"","_coblocks_accordion_ie_support":"","_uag_custom_page_level_css":"","footnotes":""},"class_list":["post-4370","page","type-page","status-publish","hentry"],"uagb_featured_image_src":{"full":false,"thumbnail":false,"medium":false,"medium_large":false,"large":false,"1536x1536":false,"2048x2048":false,"trp-custom-language-flag":false,"woocommerce_thumbnail":false,"woocommerce_single":false,"woocommerce_gallery_thumbnail":false},"uagb_author_info":{"display_name":"Raoul Bhaggoe","author_link":"https:\/\/gosensic.com\/de\/author\/raoulbaggoe\/"},"uagb_comment_info":0,"uagb_excerpt":null,"_links":{"self":[{"href":"https:\/\/gosensic.com\/de\/wp-json\/wp\/v2\/pages\/4370","targetHints":{"allow":["GET"]}}],"collection":[{"href":"https:\/\/gosensic.com\/de\/wp-json\/wp\/v2\/pages"}],"about":[{"href":"https:\/\/gosensic.com\/de\/wp-json\/wp\/v2\/types\/page"}],"author":[{"embeddable":true,"href":"https:\/\/gosensic.com\/de\/wp-json\/wp\/v2\/users\/2"}],"replies":[{"embeddable":true,"href":"https:\/\/gosensic.com\/de\/wp-json\/wp\/v2\/comments?post=4370"}],"version-history":[{"count":0,"href":"https:\/\/gosensic.com\/de\/wp-json\/wp\/v2\/pages\/4370\/revisions"}],"wp:attachment":[{"href":"https:\/\/gosensic.com\/de\/wp-json\/wp\/v2\/media?parent=4370"}],"curies":[{"name":"wp","href":"https:\/\/api.w.org\/{rel}","templated":true}]}}